{"id":48,"date":"2022-10-14T10:20:01","date_gmt":"2022-10-14T08:20:01","guid":{"rendered":"https:\/\/verticalbatre.escalade-normandie.com\/?page_id=48"},"modified":"2023-10-20T08:47:16","modified_gmt":"2023-10-20T06:47:16","slug":"inscriptions","status":"publish","type":"page","link":"https:\/\/verticalbatre.escalade-normandie.com\/index.php\/inscriptions\/","title":{"rendered":"inscriptions et         tarifs:"},"content":{"rendered":"\n<p>Pour les enfants: le r\u00e8glement (125 \u20ac &#8211; Nous sommes \u00e9ligibles aux dispositifs Pass Sport, Pass Jeune 76 et Atout Normandie)<br>Pour les adultes: le prix de la licence s&#8217;\u00e9l\u00e8ve \u00e0 135\u20ac<\/p>\n\n\n\n<p>Pour les inscriptions de d\u00e9but d\u2019ann\u00e9e:<\/p>\n\n\n\n<p>Si vous souhaitez grimper sur F\u00e9camp, alors il faut envoyer un mail \u00e0 verticalbatreclubescalade@gmail.com avec le nom, le pr\u00e9nom, l\u2019\u00e2ge du grimpeur, un moyen de vous recontacter. Vous recevrez une r\u00e9ponse avant le 18 septembre &nbsp;<\/p>\n\n\n\n<p>Si vous souhaitez grimper sur Cany-Barville, alors il faut envoyer un mail \u00e0 &#8220;verticalbatre-cany-inscription@laposte.net&#8221; avec les informations suivantes: nom et pr\u00e9nom du grimpeur ainsi que l&#8217;\u00e2ge. Il nous faut \u00e9galement un moyen de vous recontacter. Vous aurez un retour avant le 8 septembre. <\/p>\n\n\n\n<p>Vous pouvez \u00e9galement envoyer un mail sur l\u2019adresse suivante: verticalbatreclubescalade@gmail.com Les demandes d\u2019inscriptions sont accept\u00e9es \u00e0 partir du 1er juin&nbsp;<\/p>\n\n\n\n<div class=\"wp-block-buttons is-layout-flex wp-block-buttons-is-layout-flex\">\n<div class=\"wp-block-button has-custom-width wp-block-button__width-100\"><a class=\"wp-block-button__link wp-element-button\" href=\"https:\/\/verticalbatre.escalade-normandie.com\/?p=8\">ACCUEIL<\/a><\/div>\n<\/div>\n","protected":false},"excerpt":{"rendered":"<p>Pour les enfants: le r\u00e8glement (125 \u20ac &#8211; Nous sommes \u00e9ligibles aux dispositifs Pass Sport, Pass Jeune 76 et Atout Normandie)Pour les adultes: le prix de la licence s&#8217;\u00e9l\u00e8ve \u00e0 135\u20ac Pour les inscriptions de d\u00e9but d\u2019ann\u00e9e: Si vous souhaitez grimper sur F\u00e9camp, alors il faut envoyer un mail \u00e0 verticalbatreclubescalade@gmail.com avec le nom, le&hellip; <a class=\"more-link\" href=\"https:\/\/verticalbatre.escalade-normandie.com\/index.php\/inscriptions\/\">Continue reading <span class=\"screen-reader-text\">inscriptions et         tarifs:<\/span><\/a><\/p>\n","protected":false},"author":2,"featured_media":0,"parent":0,"menu_order":0,"comment_status":"closed","ping_status":"closed","template":"","meta":{"footnotes":""},"class_list":["post-48","page","type-page","status-publish","hentry","entry"],"_links":{"self":[{"href":"https:\/\/verticalbatre.escalade-normandie.com\/index.php\/wp-json\/wp\/v2\/pages\/48","targetHints":{"allow":["GET"]}}],"collection":[{"href":"https:\/\/verticalbatre.escalade-normandie.com\/index.php\/wp-json\/wp\/v2\/pages"}],"about":[{"href":"https:\/\/verticalbatre.escalade-normandie.com\/index.php\/wp-json\/wp\/v2\/types\/page"}],"author":[{"embeddable":true,"href":"https:\/\/verticalbatre.escalade-normandie.com\/index.php\/wp-json\/wp\/v2\/users\/2"}],"replies":[{"embeddable":true,"href":"https:\/\/verticalbatre.escalade-normandie.com\/index.php\/wp-json\/wp\/v2\/comments?post=48"}],"version-history":[{"count":10,"href":"https:\/\/verticalbatre.escalade-normandie.com\/index.php\/wp-json\/wp\/v2\/pages\/48\/revisions"}],"predecessor-version":[{"id":132,"href":"https:\/\/verticalbatre.escalade-normandie.com\/index.php\/wp-json\/wp\/v2\/pages\/48\/revisions\/132"}],"wp:attachment":[{"href":"https:\/\/verticalbatre.escalade-normandie.com\/index.php\/wp-json\/wp\/v2\/media?parent=48"}],"curies":[{"name":"wp","href":"https:\/\/api.w.org\/{rel}","templated":true}]}}