{"id":19,"date":"2022-10-14T10:20:19","date_gmt":"2022-10-14T08:20:19","guid":{"rendered":"https:\/\/verticalbatre.escalade-normandie.com\/?page_id=19"},"modified":"2023-10-20T08:49:28","modified_gmt":"2023-10-20T06:49:28","slug":"seances-autonomes-et-cours","status":"publish","type":"page","link":"https:\/\/verticalbatre.escalade-normandie.com\/index.php\/seances-autonomes-et-cours\/","title":{"rendered":"S\u00e9ances autonomes et cours"},"content":{"rendered":"\n<p> <\/p>\n\n\n\n<h2 class=\"wp-block-heading\">F\u00e9camp<\/h2>\n\n\n\n<p>LUNDI: 19h-21h cours encadr\u00e9 adultes<\/p>\n\n\n\n<p>MARDI: 17h30-19h cours d\u00e9butants                                                                      19h-20h30 cours perfectionnement <\/p>\n\n\n\n<p>MERCREDI: 17h-18 cours ouistiti d\u00e9butant                                      18h-19h30 cours perfectionnement  <br>19h30-21h30\u00a0passeport orange +\u00a0perfectionnement adultes\/ados<\/p>\n\n\n\n<p>JEUDI: 17h30-19h cours d\u00e9butants <br>19h-20h30 cours perfectionnement <\/p>\n\n\n\n<p>VENDREDI: 17h30-19h cours d\u00e9butants<br>19h30-21h cours perfectionnement ados<\/p>\n\n\n\n<figure class=\"wp-block-image size-full\"><img loading=\"lazy\" decoding=\"async\" width=\"960\" height=\"464\" src=\"http:\/\/verticalbatre.escalade-normandie.com\/wp-content\/uploads\/2022\/10\/mur-fecamp-2017.jpg\" alt=\"\" class=\"wp-image-10\" srcset=\"https:\/\/verticalbatre.escalade-normandie.com\/wp-content\/uploads\/2022\/10\/mur-fecamp-2017.jpg 960w, https:\/\/verticalbatre.escalade-normandie.com\/wp-content\/uploads\/2022\/10\/mur-fecamp-2017-300x145.jpg 300w, https:\/\/verticalbatre.escalade-normandie.com\/wp-content\/uploads\/2022\/10\/mur-fecamp-2017-768x371.jpg 768w\" sizes=\"auto, (max-width: 960px) 100vw, 960px\" \/><\/figure>\n\n\n\n<h2 class=\"wp-block-heading\">Cany-Barville<\/h2>\n\n\n\n<p>MARDI: 19h30-22h cours adultes&nbsp;autonomes&nbsp;et d\u00e9butants<br><br>JEUDI: 20h-22h s\u00e9ance autonome passeport orange <\/p>\n\n\n\n<p>VENDREDI: 17h15-18h30 cours enfants d\u00e9butants \u00e0 partir de 8ans<\/p>\n\n\n\n<p>18h30-19h45 cours enfants et ados d\u00e9brouill\u00e9s<\/p>\n\n\n\n<p>SAMEDI: 10h30-12h kid escalade, enfant d\u00e9butants \u00e0 partir de 6 ans<\/p>\n\n\n\n<p>DIMANCHE: 10h-12h s\u00e9ance familles d\u00e9butants et&nbsp;autonomes<\/p>\n\n\n\n<p>N\u2019h\u00e9sitez pas \u00e0 nous contacter pour tout renseignement<\/p>\n\n\n\n<figure class=\"wp-block-image size-large\"><img loading=\"lazy\" decoding=\"async\" width=\"1024\" height=\"768\" src=\"http:\/\/verticalbatre.escalade-normandie.com\/wp-content\/uploads\/2022\/10\/cany-1024x768.jpg\" alt=\"\" class=\"wp-image-11\" srcset=\"https:\/\/verticalbatre.escalade-normandie.com\/wp-content\/uploads\/2022\/10\/cany-1024x768.jpg 1024w, https:\/\/verticalbatre.escalade-normandie.com\/wp-content\/uploads\/2022\/10\/cany-300x225.jpg 300w, https:\/\/verticalbatre.escalade-normandie.com\/wp-content\/uploads\/2022\/10\/cany-768x576.jpg 768w, https:\/\/verticalbatre.escalade-normandie.com\/wp-content\/uploads\/2022\/10\/cany-1536x1152.jpg 1536w, https:\/\/verticalbatre.escalade-normandie.com\/wp-content\/uploads\/2022\/10\/cany-2048x1536.jpg 2048w, https:\/\/verticalbatre.escalade-normandie.com\/wp-content\/uploads\/2022\/10\/cany-1568x1176.jpg 1568w\" sizes=\"auto, (max-width: 1024px) 100vw, 1024px\" \/><\/figure>\n\n\n\n<div class=\"wp-block-buttons is-layout-flex wp-block-buttons-is-layout-flex\">\n<div class=\"wp-block-button has-custom-width wp-block-button__width-100\"><a class=\"wp-block-button__link has-white-color has-black-background-color has-text-color has-background wp-element-button\" href=\"https:\/\/verticalbatre.escalade-normandie.com\/?p=8\">ACCUEIL<\/a><\/div>\n<\/div>\n","protected":false},"excerpt":{"rendered":"<p>F\u00e9camp LUNDI: 19h-21h cours encadr\u00e9 adultes MARDI: 17h30-19h cours d\u00e9butants 19h-20h30 cours perfectionnement MERCREDI: 17h-18 cours ouistiti d\u00e9butant 18h-19h30 cours perfectionnement 19h30-21h30\u00a0passeport orange +\u00a0perfectionnement adultes\/ados JEUDI: 17h30-19h cours d\u00e9butants 19h-20h30 cours perfectionnement VENDREDI: 17h30-19h cours d\u00e9butants19h30-21h cours perfectionnement ados Cany-Barville MARDI: 19h30-22h cours adultes&nbsp;autonomes&nbsp;et d\u00e9butants JEUDI: 20h-22h s\u00e9ance autonome passeport orange VENDREDI: 17h15-18h30 cours enfants&hellip; <a class=\"more-link\" href=\"https:\/\/verticalbatre.escalade-normandie.com\/index.php\/seances-autonomes-et-cours\/\">Continue reading <span class=\"screen-reader-text\">S\u00e9ances autonomes et cours<\/span><\/a><\/p>\n","protected":false},"author":2,"featured_media":0,"parent":0,"menu_order":0,"comment_status":"closed","ping_status":"closed","template":"","meta":{"footnotes":""},"class_list":["post-19","page","type-page","status-publish","hentry","entry"],"_links":{"self":[{"href":"https:\/\/verticalbatre.escalade-normandie.com\/index.php\/wp-json\/wp\/v2\/pages\/19","targetHints":{"allow":["GET"]}}],"collection":[{"href":"https:\/\/verticalbatre.escalade-normandie.com\/index.php\/wp-json\/wp\/v2\/pages"}],"about":[{"href":"https:\/\/verticalbatre.escalade-normandie.com\/index.php\/wp-json\/wp\/v2\/types\/page"}],"author":[{"embeddable":true,"href":"https:\/\/verticalbatre.escalade-normandie.com\/index.php\/wp-json\/wp\/v2\/users\/2"}],"replies":[{"embeddable":true,"href":"https:\/\/verticalbatre.escalade-normandie.com\/index.php\/wp-json\/wp\/v2\/comments?post=19"}],"version-history":[{"count":11,"href":"https:\/\/verticalbatre.escalade-normandie.com\/index.php\/wp-json\/wp\/v2\/pages\/19\/revisions"}],"predecessor-version":[{"id":134,"href":"https:\/\/verticalbatre.escalade-normandie.com\/index.php\/wp-json\/wp\/v2\/pages\/19\/revisions\/134"}],"wp:attachment":[{"href":"https:\/\/verticalbatre.escalade-normandie.com\/index.php\/wp-json\/wp\/v2\/media?parent=19"}],"curies":[{"name":"wp","href":"https:\/\/api.w.org\/{rel}","templated":true}]}}